{"id":6106,"date":"2019-03-07T14:24:24","date_gmt":"2019-03-07T13:24:24","guid":{"rendered":"https:\/\/great-artmag.com\/contact\/"},"modified":"2026-04-22T18:28:58","modified_gmt":"2026-04-22T16:28:58","slug":"contact","status":"publish","type":"page","link":"https:\/\/great-artmag.com\/en\/contact\/","title":{"rendered":"CONTACT"},"content":{"rendered":"<div class=\"wpb-content-wrapper\"><div id=\"tdi_1\" class=\"tdc-row\"><div class=\"vc_row tdi_2  wpb_row td-pb-row\" >\n<style scoped>\n\/* custom css - generated by TagDiv Composer *\/\n\n\/* custom css - generated by TagDiv Composer *\/\n.tdi_2,\r\n                .tdi_2 .tdc-columns{\r\n                    min-height: 0;\r\n                }.tdi_2,\r\n\t\t\t\t.tdi_2 .tdc-columns{\r\n\t\t\t\t    display: block;\r\n\t\t\t\t}.tdi_2 .tdc-columns{\r\n\t\t\t\t    width: 100%;\r\n\t\t\t\t}.tdi_2:before,\r\n\t\t\t\t.tdi_2:after{\r\n\t\t\t\t    display: table;\r\n\t\t\t\t}\n<\/style><div class=\"vc_column tdi_4  wpb_column vc_column_container tdc-column td-pb-span12\">\n<style scoped>\n\/* custom css - generated by TagDiv Composer *\/\n\n\/* custom css - generated by TagDiv Composer *\/\n.tdi_4{\r\n                    vertical-align: baseline;\r\n                }.tdi_4 > .wpb_wrapper,\r\n\t\t\t\t.tdi_4 > .wpb_wrapper > .tdc-elements{\r\n\t\t\t\t    display: block;\r\n\t\t\t\t}.tdi_4 > .wpb_wrapper > .tdc-elements{\r\n\t\t\t\t    width: 100%;\r\n\t\t\t\t}.tdi_4 > .wpb_wrapper > .vc_row_inner{\r\n\t\t\t\t    width: auto;\r\n\t\t\t\t}.tdi_4 > .wpb_wrapper{\r\n\t\t\t\t    width: auto;\r\n\t\t\t\t    height: auto;\r\n\t\t\t\t}\n<\/style><div class=\"wpb_wrapper\" ><div class=\"vc_row_inner tdi_6  vc_row vc_inner wpb_row td-pb-row\" >\n<style scoped>\n\/* custom css - generated by TagDiv Composer *\/\n\n\/* custom css - generated by TagDiv Composer *\/\n.tdi_6{\r\n                    position: relative !important;\r\n                    top: 0;\r\n                    transform: none;\r\n                    -webkit-transform: none;\r\n                }.tdi_6,\r\n\t\t\t\t.tdi_6 .tdc-inner-columns{\r\n\t\t\t\t    display: block;\r\n\t\t\t\t}.tdi_6 .tdc-inner-columns{\r\n\t\t\t\t    width: 100%;\r\n\t\t\t\t}\n<\/style><div class=\"vc_column_inner tdi_8  wpb_column vc_column_container tdc-inner-column td-pb-span6\">\n<style scoped>\n\/* custom css - generated by TagDiv Composer *\/\n\n\/* custom css - generated by TagDiv Composer *\/\n.tdi_8{\r\n                    vertical-align: baseline;\r\n                }.tdi_8 .vc_column-inner > .wpb_wrapper,\r\n\t\t\t\t.tdi_8 .vc_column-inner > .wpb_wrapper .tdc-elements{\r\n\t\t\t\t    display: block;\r\n\t\t\t\t}.tdi_8 .vc_column-inner > .wpb_wrapper .tdc-elements{\r\n\t\t\t\t    width: 100%;\r\n\t\t\t\t}\n<\/style><div class=\"vc_column-inner\"><div class=\"wpb_wrapper\" ><div class=\"td_block_wrap td_block_text_with_title tdi_9 tagdiv-type td-pb-border-top td_block_template_1\"  data-td-block-uid=\"tdi_9\" >\n<style>\n\/* custom css - generated by TagDiv Composer *\/\n.td_block_text_with_title{\r\n                  margin-bottom: 44px;\r\n                  -webkit-transform: translateZ(0);\r\n                  transform: translateZ(0);\r\n                }.td_block_text_with_title p:last-child{\r\n                  margin-bottom: 0;\r\n                }\n<\/style><div class=\"td-block-title-wrap\"><h4 class=\"block-title td-block-title\"><span class=\"td-pulldown-size\">Address<\/span><\/h4><\/div><div class=\"td_mod_wrap td-fix-index\"><p style=\"text-align: center;\">The editorial team consists of:<\/p>\n<p style=\"text-align: center;\">Alexia Gugg\u00e9mos, Sylvie Hazebroucq, Ana\u00efd Demir,<br \/>\nThomas Michel and Thierry Machuel.<\/p>\n<p style=\"text-align: center;\"><strong>Alexia Gugg\u00e9mos<br \/>\n<\/strong>Phone: <a style=\"color: #ba5891;\" href=\"tel:+33612096136\">06 12 09 61 36<\/a><\/p>\n<\/div><\/div><\/div><\/div><\/div><div class=\"vc_column_inner tdi_11  wpb_column vc_column_container tdc-inner-column td-pb-span6\">\n<style scoped>\n\/* custom css - generated by TagDiv Composer *\/\n\n\/* custom css - generated by TagDiv Composer *\/\n.tdi_11{\r\n                    vertical-align: baseline;\r\n                }.tdi_11 .vc_column-inner > .wpb_wrapper,\r\n\t\t\t\t.tdi_11 .vc_column-inner > .wpb_wrapper .tdc-elements{\r\n\t\t\t\t    display: block;\r\n\t\t\t\t}.tdi_11 .vc_column-inner > .wpb_wrapper .tdc-elements{\r\n\t\t\t\t    width: 100%;\r\n\t\t\t\t}\n<\/style><div class=\"vc_column-inner\"><div class=\"wpb_wrapper\" ><div class=\"td_block_wrap td_block_text_with_title tdi_12 tagdiv-type td-pb-border-top td_block_template_1\"  data-td-block-uid=\"tdi_12\" ><div class=\"td-block-title-wrap\"><h4 class=\"block-title td-block-title\"><span class=\"td-pulldown-size\">By e-mail<\/span><\/h4><\/div><div class=\"td_mod_wrap td-fix-index\"><\/div><\/div>[vc_icon icon_fontawesome=&#8221;fas fa-envelope&#8221; color=&#8221;white&#8221; background_style=&#8221;rounded&#8221; background_color=&#8221;black&#8221; size=&#8221;lg&#8221; align=&#8221;center&#8221; css_animation=&#8221;bounceIn&#8221; css=&#8221;.vc_custom_1720011404645{margin-bottom: 10px !important;padding-bottom: 0px !important;}&#8221; link=&#8221;url:mailto%3Aaguggemos%40gmail.com|target:_blank&#8221;][vc_column_text]\r\n<p style=\"text-align: center;\"><a href=\"mailto: aguggemos@gmail.com\">aguggemos@gmail.com<\/a><\/p>\r\n[\/vc_column_text]<\/div><\/div><\/div><\/div><div class=\"td_block_wrap td_block_2 tdi_13 td-pb-border-top td_block_template_1 td-column-3 td_block_padding\"  data-td-block-uid=\"tdi_13\" ><script>var block_tdi_13 = new tdBlock();\nblock_tdi_13.id = \"tdi_13\";\nblock_tdi_13.atts = '{\"custom_title\":\"LAST POSTS\",\"limit\":\"3\",\"tdc_css\":\"\",\"block_type\":\"td_block_2\",\"separator\":\"\",\"custom_url\":\"\",\"block_template_id\":\"\",\"m2_tl\":\"\",\"m2_el\":\"\",\"m6_tl\":\"\",\"post_ids\":\"\",\"category_id\":\"\",\"taxonomies\":\"\",\"category_ids\":\"\",\"in_all_terms\":\"\",\"tag_slug\":\"\",\"autors_id\":\"\",\"installed_post_types\":\"\",\"include_cf_posts\":\"\",\"exclude_cf_posts\":\"\",\"sort\":\"\",\"popular_by_date\":\"\",\"linked_posts\":\"\",\"favourite_only\":\"\",\"offset\":\"\",\"open_in_new_window\":\"\",\"show_modified_date\":\"\",\"time_ago\":\"\",\"time_ago_add_txt\":\"ago\",\"time_ago_txt_pos\":\"\",\"review_source\":\"\",\"el_class\":\"\",\"td_ajax_filter_type\":\"\",\"td_ajax_filter_ids\":\"\",\"td_filter_default_txt\":\"All\",\"td_ajax_preloading\":\"\",\"f_header_font_header\":\"\",\"f_header_font_title\":\"Block header\",\"f_header_font_settings\":\"\",\"f_header_font_family\":\"\",\"f_header_font_size\":\"\",\"f_header_font_line_height\":\"\",\"f_header_font_style\":\"\",\"f_header_font_weight\":\"\",\"f_header_font_transform\":\"\",\"f_header_font_spacing\":\"\",\"f_header_\":\"\",\"f_ajax_font_title\":\"Ajax categories\",\"f_ajax_font_settings\":\"\",\"f_ajax_font_family\":\"\",\"f_ajax_font_size\":\"\",\"f_ajax_font_line_height\":\"\",\"f_ajax_font_style\":\"\",\"f_ajax_font_weight\":\"\",\"f_ajax_font_transform\":\"\",\"f_ajax_font_spacing\":\"\",\"f_ajax_\":\"\",\"f_more_font_title\":\"Load more button\",\"f_more_font_settings\":\"\",\"f_more_font_family\":\"\",\"f_more_font_size\":\"\",\"f_more_font_line_height\":\"\",\"f_more_font_style\":\"\",\"f_more_font_weight\":\"\",\"f_more_font_transform\":\"\",\"f_more_font_spacing\":\"\",\"f_more_\":\"\",\"m2f_title_font_header\":\"\",\"m2f_title_font_title\":\"Article title\",\"m2f_title_font_settings\":\"\",\"m2f_title_font_family\":\"\",\"m2f_title_font_size\":\"\",\"m2f_title_font_line_height\":\"\",\"m2f_title_font_style\":\"\",\"m2f_title_font_weight\":\"\",\"m2f_title_font_transform\":\"\",\"m2f_title_font_spacing\":\"\",\"m2f_title_\":\"\",\"m2f_cat_font_title\":\"Article category tag\",\"m2f_cat_font_settings\":\"\",\"m2f_cat_font_family\":\"\",\"m2f_cat_font_size\":\"\",\"m2f_cat_font_line_height\":\"\",\"m2f_cat_font_style\":\"\",\"m2f_cat_font_weight\":\"\",\"m2f_cat_font_transform\":\"\",\"m2f_cat_font_spacing\":\"\",\"m2f_cat_\":\"\",\"m2f_meta_font_title\":\"Article meta info\",\"m2f_meta_font_settings\":\"\",\"m2f_meta_font_family\":\"\",\"m2f_meta_font_size\":\"\",\"m2f_meta_font_line_height\":\"\",\"m2f_meta_font_style\":\"\",\"m2f_meta_font_weight\":\"\",\"m2f_meta_font_transform\":\"\",\"m2f_meta_font_spacing\":\"\",\"m2f_meta_\":\"\",\"m2f_ex_font_title\":\"Article excerpt\",\"m2f_ex_font_settings\":\"\",\"m2f_ex_font_family\":\"\",\"m2f_ex_font_size\":\"\",\"m2f_ex_font_line_height\":\"\",\"m2f_ex_font_style\":\"\",\"m2f_ex_font_weight\":\"\",\"m2f_ex_font_transform\":\"\",\"m2f_ex_font_spacing\":\"\",\"m2f_ex_\":\"\",\"m6f_title_font_header\":\"\",\"m6f_title_font_title\":\"Article title\",\"m6f_title_font_settings\":\"\",\"m6f_title_font_family\":\"\",\"m6f_title_font_size\":\"\",\"m6f_title_font_line_height\":\"\",\"m6f_title_font_style\":\"\",\"m6f_title_font_weight\":\"\",\"m6f_title_font_transform\":\"\",\"m6f_title_font_spacing\":\"\",\"m6f_title_\":\"\",\"m6f_cat_font_title\":\"Article category tag\",\"m6f_cat_font_settings\":\"\",\"m6f_cat_font_family\":\"\",\"m6f_cat_font_size\":\"\",\"m6f_cat_font_line_height\":\"\",\"m6f_cat_font_style\":\"\",\"m6f_cat_font_weight\":\"\",\"m6f_cat_font_transform\":\"\",\"m6f_cat_font_spacing\":\"\",\"m6f_cat_\":\"\",\"m6f_meta_font_title\":\"Article meta info\",\"m6f_meta_font_settings\":\"\",\"m6f_meta_font_family\":\"\",\"m6f_meta_font_size\":\"\",\"m6f_meta_font_line_height\":\"\",\"m6f_meta_font_style\":\"\",\"m6f_meta_font_weight\":\"\",\"m6f_meta_font_transform\":\"\",\"m6f_meta_font_spacing\":\"\",\"m6f_meta_\":\"\",\"ajax_pagination\":\"\",\"ajax_pagination_next_prev_swipe\":\"\",\"ajax_pagination_infinite_stop\":\"\",\"css\":\"\",\"td_column_number\":3,\"header_color\":\"\",\"color_preset\":\"\",\"border_top\":\"\",\"class\":\"tdi_13\",\"tdc_css_class\":\"tdi_13\",\"tdc_css_class_style\":\"tdi_13_rand_style\"}';\nblock_tdi_13.td_column_number = \"3\";\nblock_tdi_13.block_type = \"td_block_2\";\nblock_tdi_13.post_count = \"3\";\nblock_tdi_13.found_posts = \"553\";\nblock_tdi_13.header_color = \"\";\nblock_tdi_13.ajax_pagination_infinite_stop = \"\";\nblock_tdi_13.max_num_pages = \"185\";\ntdBlocksArray.push(block_tdi_13);\n<\/script><div class=\"td-block-title-wrap\"><h4 class=\"block-title td-block-title\"><span class=\"td-pulldown-size\">LAST POSTS<\/span><\/h4><\/div><div id=tdi_13 class=\"td_block_inner\">\n\n\t<div class=\"td-block-row\">\n\n\t<div class=\"td-block-span4\">\n\r\n        <div class=\"td_module_2 td_module_wrap td-animation-stack td-meta-info-hide\">\r\n            <div class=\"td-module-image\">\r\n                <div class=\"td-module-thumb\"><a href=\"https:\/\/great-artmag.com\/en\/gilles-barbier-musee-regards-de-provence\/\"  rel=\"bookmark\" class=\"td-image-wrap \" title=\"Gilles Barbier au Mus\u00e9e Regards de Provence : habiter la peinture\" ><img decoding=\"async\" width=\"324\" height=\"160\" class=\"entry-thumb\" src=\"https:\/\/great-artmag.com\/wp-content\/uploads\/2026\/04\/gilles-barbier-habiter-la-peinture-1992-2026-zurbaran-324x160.jpg\"  srcset=\"https:\/\/great-artmag.com\/wp-content\/uploads\/2026\/04\/gilles-barbier-habiter-la-peinture-1992-2026-zurbaran-324x160.jpg 324w, https:\/\/great-artmag.com\/wp-content\/uploads\/2026\/04\/gilles-barbier-habiter-la-peinture-1992-2026-zurbaran-533x261.jpg 533w\" sizes=\"(max-width: 324px) 100vw, 324px\"  alt=\"\" title=\"Gilles Barbier au Mus\u00e9e Regards de Provence : habiter la peinture\" \/><\/a><\/div>                <a href=\"https:\/\/great-artmag.com\/category\/arts-culture\/exposition\/\" class=\"td-post-category\" >EXPOSITIONS<\/a>            <\/div>\r\n            <h3 class=\"entry-title td-module-title\"><a href=\"https:\/\/great-artmag.com\/en\/gilles-barbier-musee-regards-de-provence\/\"  rel=\"bookmark\" title=\"Gilles Barbier au Mus\u00e9e Regards de Provence : habiter la peinture\">Gilles Barbier au Mus\u00e9e Regards de Provence : habiter la peinture<\/a><\/h3>\r\n\r\n            <div class=\"td-module-meta-info\">\r\n                                                            <\/div>\r\n\r\n\r\n            <div class=\"td-excerpt\">\r\n                Gilles Barbier expose \u00e0 Marseille, au Mus\u00e9e Regards de Provence. Soit, dix ans apr\u00e8s \u00ab \u00c9cho syst\u00e8me \u00bb \u00e0 la Friche Belle de Mai...            <\/div>\r\n\r\n            \r\n        <\/div>\r\n\r\n        \n\t<\/div> <!-- .\/td-block-span4 -->\n\n\t<div class=\"td-block-span4\">\n\r\n        <div class=\"td_module_2 td_module_wrap td-animation-stack td-meta-info-hide\">\r\n            <div class=\"td-module-image\">\r\n                <div class=\"td-module-thumb\"><a href=\"https:\/\/great-artmag.com\/en\/triennale-adiaf-collections-privees-2026\/\"  rel=\"bookmark\" class=\"td-image-wrap \" title=\"Triennale ADIAF : Histoires sensibles des collections priv\u00e9es\" ><img decoding=\"async\" width=\"128\" height=\"160\" class=\"entry-thumb\" src=\"https:\/\/great-artmag.com\/wp-content\/uploads\/2026\/04\/duncan_wylie-scaled.jpeg\"  srcset=\"https:\/\/great-artmag.com\/wp-content\/uploads\/2026\/04\/duncan_wylie-scaled.jpeg 2051w, https:\/\/great-artmag.com\/wp-content\/uploads\/2026\/04\/duncan_wylie-240x300.jpeg 240w, https:\/\/great-artmag.com\/wp-content\/uploads\/2026\/04\/duncan_wylie-820x1024.jpeg 820w, https:\/\/great-artmag.com\/wp-content\/uploads\/2026\/04\/duncan_wylie-768x959.jpeg 768w, https:\/\/great-artmag.com\/wp-content\/uploads\/2026\/04\/duncan_wylie-1230x1536.jpeg 1230w, https:\/\/great-artmag.com\/wp-content\/uploads\/2026\/04\/duncan_wylie-1641x2048.jpeg 1641w\" sizes=\"(max-width: 128px) 100vw, 128px\"  alt=\"\" title=\"Triennale ADIAF : Histoires sensibles des collections priv\u00e9es\" \/><\/a><\/div>                <a href=\"https:\/\/great-artmag.com\/category\/arts-culture\/exposition\/\" class=\"td-post-category\" >EXPOSITIONS<\/a>            <\/div>\r\n            <h3 class=\"entry-title td-module-title\"><a href=\"https:\/\/great-artmag.com\/en\/triennale-adiaf-collections-privees-2026\/\"  rel=\"bookmark\" title=\"Triennale ADIAF : Histoires sensibles des collections priv\u00e9es\">Triennale ADIAF : Histoires sensibles des collections priv\u00e9es<\/a><\/h3>\r\n\r\n            <div class=\"td-module-meta-info\">\r\n                                                            <\/div>\r\n\r\n\r\n            <div class=\"td-excerpt\">\r\n                Plus de 130 \u0153uvres issues de 77 collections priv\u00e9es sont \u00e0 d\u00e9couvrir au MAC de Marseille, jusqu\u2019au 20 septembre. La cit\u00e9 phoc\u00e9enne accueille \u00ab...            <\/div>\r\n\r\n            \r\n        <\/div>\r\n\r\n        \n\t<\/div> <!-- .\/td-block-span4 -->\n\n\t<div class=\"td-block-span4\">\n\r\n        <div class=\"td_module_2 td_module_wrap td-animation-stack td-meta-info-hide\">\r\n            <div class=\"td-module-image\">\r\n                <div class=\"td-module-thumb\"><a href=\"https:\/\/great-artmag.com\/en\/oenotourisme-condrieu-cote-rotie\/\"  rel=\"bookmark\" class=\"td-image-wrap \" title=\"Oenotourisme : comprendre le terroir de Condrieu et C\u00f4te-R\u00f4tie en roue libre\" ><img decoding=\"async\" width=\"324\" height=\"160\" class=\"entry-thumb\" src=\"https:\/\/great-artmag.com\/wp-content\/uploads\/2026\/04\/office-tourisme-vienne-condrieu-324x160.jpg\"  srcset=\"https:\/\/great-artmag.com\/wp-content\/uploads\/2026\/04\/office-tourisme-vienne-condrieu-324x160.jpg 324w, https:\/\/great-artmag.com\/wp-content\/uploads\/2026\/04\/office-tourisme-vienne-condrieu-533x261.jpg 533w\" sizes=\"(max-width: 324px) 100vw, 324px\"  alt=\"\" title=\"Oenotourisme : comprendre le terroir de Condrieu et C\u00f4te-R\u00f4tie en roue libre\" \/><\/a><\/div>                <a href=\"https:\/\/great-artmag.com\/category\/arts-culture\/art-de-vivre-gastronomie\/\" class=\"td-post-category\" >GASTRONOMIE<\/a>            <\/div>\r\n            <h3 class=\"entry-title td-module-title\"><a href=\"https:\/\/great-artmag.com\/en\/oenotourisme-condrieu-cote-rotie\/\"  rel=\"bookmark\" title=\"Oenotourisme : comprendre le terroir de Condrieu et C\u00f4te-R\u00f4tie en roue libre\">Oenotourisme : comprendre le terroir de Condrieu et C\u00f4te-R\u00f4tie en roue...<\/a><\/h3>\r\n\r\n            <div class=\"td-module-meta-info\">\r\n                                                            <\/div>\r\n\r\n\r\n            <div class=\"td-excerpt\">\r\n                Le vin est une question de sol, et avant tout de g\u00e9ographie. Pour saisir toute la complexit\u00e9 des vignobles de Vienne (Is\u00e8re), rien ne...            <\/div>\r\n\r\n            \r\n        <\/div>\r\n\r\n        \n\t<\/div> <!-- .\/td-block-span4 --><\/div><!--.\/row-fluid--><\/div><\/div> <!-- .\/block --><\/div><\/div><\/div><\/div><\/div>","protected":false},"excerpt":{"rendered":"AddressThe editorial team consists of: Alexia Gugg\u00e9mos, Sylvie Hazebroucq, Ana\u00efd Demir, Thomas Michel and Thierry Machuel. Alexia Gugg\u00e9mos Phone: 06 12 09 61 36 By e-mail[vc_icon icon_fontawesome=\"fas fa-envelope\" color=\"white\" background_style=\"rounded\" background_color=\"black\" size=\"lg\" align=\"center\" css_animation=\"bounceIn\" css=\".vc_custom_1720011404645{margin-bottom: 10px !important;padding-bottom: 0px !important;}\" link=\"url:mailto%3Aaguggemos%40gmail.com|target:_blank\"][vc_column_text] aguggemos@gmail.com [\/vc_column_text]LAST POSTS EXPOSITIONS Gilles Barbier au Mus\u00e9e Regards de Provence : habiter la peinture [...]","protected":false},"author":1,"featured_media":0,"parent":0,"menu_order":4,"comment_status":"open","ping_status":"closed","template":"page-pagebuilder-title.php","meta":{"inline_featured_image":false,"tdm_status":"","tdm_grid_status":"","footnotes":""},"class_list":["post-6106","page","type-page","status-publish"],"yoast_head":"<!-- This site is optimized with the Yoast SEO plugin v27.5 - https:\/\/yoast.com\/product\/yoast-seo-wordpress\/ -->\n<title>Contact Great Artmag | Contemporary Art Magazine<\/title>\n<meta name=\"description\" content=\"Contact Great Artmag for inquiries, collaborations or artist submissions. Get in touch with our contemporary art magazine team.\" \/>\n<meta name=\"robots\" content=\"index, follow, max-snippet:-1, max-image-preview:large, max-video-preview:-1\" \/>\n<link rel=\"canonical\" href=\"https:\/\/great-artmag.com\/en\/contact\/\" \/>\n<meta property=\"og:locale\" content=\"en_US\" \/>\n<meta property=\"og:type\" content=\"article\" \/>\n<meta property=\"og:title\" content=\"Contact Great Artmag | Contemporary Art Magazine\" \/>\n<meta property=\"og:description\" content=\"Contact Great Artmag for inquiries, collaborations or artist submissions. Get in touch with our contemporary art magazine team.\" \/>\n<meta property=\"og:url\" content=\"https:\/\/great-artmag.com\/en\/contact\/\" \/>\n<meta property=\"og:site_name\" content=\"GREAT-ARTMAG\" \/>\n<meta property=\"article:modified_time\" content=\"2026-04-22T16:28:58+00:00\" \/>\n<meta property=\"og:image\" content=\"https:\/\/great-artmag.com\/wp-content\/uploads\/2025\/01\/GreatArtMag-logo_noir-scaled.jpg\" \/>\n\t<meta property=\"og:image:width\" content=\"2560\" \/>\n\t<meta property=\"og:image:height\" content=\"1012\" \/>\n\t<meta property=\"og:image:type\" content=\"image\/jpeg\" \/>\n<meta name=\"twitter:card\" content=\"summary_large_image\" \/>\n<meta name=\"twitter:label1\" content=\"Est. reading time\" \/>\n\t<meta name=\"twitter:data1\" content=\"1 minute\" \/>\n<script type=\"application\/ld+json\" class=\"yoast-schema-graph\">{\"@context\":\"https:\\\/\\\/schema.org\",\"@graph\":[{\"@type\":\"WebPage\",\"@id\":\"https:\\\/\\\/great-artmag.com\\\/en\\\/contact\\\/\",\"url\":\"https:\\\/\\\/great-artmag.com\\\/en\\\/contact\\\/\",\"name\":\"Contact Great Artmag | Contemporary Art Magazine\",\"isPartOf\":{\"@id\":\"https:\\\/\\\/great-artmag.com\\\/en\\\/#website\"},\"datePublished\":\"2019-03-07T13:24:24+00:00\",\"dateModified\":\"2026-04-22T16:28:58+00:00\",\"description\":\"Contact Great Artmag for inquiries, collaborations or artist submissions. Get in touch with our contemporary art magazine team.\",\"breadcrumb\":{\"@id\":\"https:\\\/\\\/great-artmag.com\\\/en\\\/contact\\\/#breadcrumb\"},\"inLanguage\":\"en-US\",\"potentialAction\":[{\"@type\":\"ReadAction\",\"target\":[\"https:\\\/\\\/great-artmag.com\\\/en\\\/contact\\\/\"]}]},{\"@type\":\"BreadcrumbList\",\"@id\":\"https:\\\/\\\/great-artmag.com\\\/en\\\/contact\\\/#breadcrumb\",\"itemListElement\":[{\"@type\":\"ListItem\",\"position\":1,\"name\":\"Accueil\",\"item\":\"https:\\\/\\\/great-artmag.com\\\/en\\\/\"},{\"@type\":\"ListItem\",\"position\":2,\"name\":\"CONTACT\"}]},{\"@type\":\"WebSite\",\"@id\":\"https:\\\/\\\/great-artmag.com\\\/en\\\/#website\",\"url\":\"https:\\\/\\\/great-artmag.com\\\/en\\\/\",\"name\":\"Great ArtMag\",\"description\":\"Le Magazine des H\u00e9donistes\",\"publisher\":{\"@id\":\"https:\\\/\\\/great-artmag.com\\\/en\\\/#organization\"},\"potentialAction\":[{\"@type\":\"SearchAction\",\"target\":{\"@type\":\"EntryPoint\",\"urlTemplate\":\"https:\\\/\\\/great-artmag.com\\\/en\\\/?s={search_term_string}\"},\"query-input\":{\"@type\":\"PropertyValueSpecification\",\"valueRequired\":true,\"valueName\":\"search_term_string\"}}],\"inLanguage\":\"en-US\"},{\"@type\":\"Organization\",\"@id\":\"https:\\\/\\\/great-artmag.com\\\/en\\\/#organization\",\"name\":\"GREAT ARTMAG\",\"url\":\"https:\\\/\\\/great-artmag.com\\\/en\\\/\",\"logo\":{\"@type\":\"ImageObject\",\"inLanguage\":\"en-US\",\"@id\":\"https:\\\/\\\/great-artmag.com\\\/en\\\/#\\\/schema\\\/logo\\\/image\\\/\",\"url\":\"https:\\\/\\\/great-artmag.com\\\/wp-content\\\/uploads\\\/2024\\\/07\\\/IMG_5403.jpg\",\"contentUrl\":\"https:\\\/\\\/great-artmag.com\\\/wp-content\\\/uploads\\\/2024\\\/07\\\/IMG_5403.jpg\",\"width\":860,\"height\":368,\"caption\":\"GREAT ARTMAG\"},\"image\":{\"@id\":\"https:\\\/\\\/great-artmag.com\\\/en\\\/#\\\/schema\\\/logo\\\/image\\\/\"},\"sameAs\":[\"https:\\\/\\\/www.instagram.com\\\/great_artmag\"]}]}<\/script>\n<!-- \/ Yoast SEO plugin. -->","yoast_head_json":{"title":"Contact Great Artmag | Contemporary Art Magazine","description":"Contact Great Artmag for inquiries, collaborations or artist submissions. Get in touch with our contemporary art magazine team.","robots":{"index":"index","follow":"follow","max-snippet":"max-snippet:-1","max-image-preview":"max-image-preview:large","max-video-preview":"max-video-preview:-1"},"canonical":"https:\/\/great-artmag.com\/en\/contact\/","og_locale":"en_US","og_type":"article","og_title":"Contact Great Artmag | Contemporary Art Magazine","og_description":"Contact Great Artmag for inquiries, collaborations or artist submissions. Get in touch with our contemporary art magazine team.","og_url":"https:\/\/great-artmag.com\/en\/contact\/","og_site_name":"GREAT-ARTMAG","article_modified_time":"2026-04-22T16:28:58+00:00","og_image":[{"width":2560,"height":1012,"url":"https:\/\/great-artmag.com\/wp-content\/uploads\/2025\/01\/GreatArtMag-logo_noir-scaled.jpg","type":"image\/jpeg"}],"twitter_card":"summary_large_image","twitter_misc":{"Est. reading time":"1 minute"},"schema":{"@context":"https:\/\/schema.org","@graph":[{"@type":"WebPage","@id":"https:\/\/great-artmag.com\/en\/contact\/","url":"https:\/\/great-artmag.com\/en\/contact\/","name":"Contact Great Artmag | Contemporary Art Magazine","isPartOf":{"@id":"https:\/\/great-artmag.com\/en\/#website"},"datePublished":"2019-03-07T13:24:24+00:00","dateModified":"2026-04-22T16:28:58+00:00","description":"Contact Great Artmag for inquiries, collaborations or artist submissions. Get in touch with our contemporary art magazine team.","breadcrumb":{"@id":"https:\/\/great-artmag.com\/en\/contact\/#breadcrumb"},"inLanguage":"en-US","potentialAction":[{"@type":"ReadAction","target":["https:\/\/great-artmag.com\/en\/contact\/"]}]},{"@type":"BreadcrumbList","@id":"https:\/\/great-artmag.com\/en\/contact\/#breadcrumb","itemListElement":[{"@type":"ListItem","position":1,"name":"Accueil","item":"https:\/\/great-artmag.com\/en\/"},{"@type":"ListItem","position":2,"name":"CONTACT"}]},{"@type":"WebSite","@id":"https:\/\/great-artmag.com\/en\/#website","url":"https:\/\/great-artmag.com\/en\/","name":"Great ArtMag","description":"Le Magazine des H\u00e9donistes","publisher":{"@id":"https:\/\/great-artmag.com\/en\/#organization"},"potentialAction":[{"@type":"SearchAction","target":{"@type":"EntryPoint","urlTemplate":"https:\/\/great-artmag.com\/en\/?s={search_term_string}"},"query-input":{"@type":"PropertyValueSpecification","valueRequired":true,"valueName":"search_term_string"}}],"inLanguage":"en-US"},{"@type":"Organization","@id":"https:\/\/great-artmag.com\/en\/#organization","name":"GREAT ARTMAG","url":"https:\/\/great-artmag.com\/en\/","logo":{"@type":"ImageObject","inLanguage":"en-US","@id":"https:\/\/great-artmag.com\/en\/#\/schema\/logo\/image\/","url":"https:\/\/great-artmag.com\/wp-content\/uploads\/2024\/07\/IMG_5403.jpg","contentUrl":"https:\/\/great-artmag.com\/wp-content\/uploads\/2024\/07\/IMG_5403.jpg","width":860,"height":368,"caption":"GREAT ARTMAG"},"image":{"@id":"https:\/\/great-artmag.com\/en\/#\/schema\/logo\/image\/"},"sameAs":["https:\/\/www.instagram.com\/great_artmag"]}]}},"amp_enabled":true,"_links":{"self":[{"href":"https:\/\/great-artmag.com\/en\/wp-json\/wp\/v2\/pages\/6106","targetHints":{"allow":["GET"]}}],"collection":[{"href":"https:\/\/great-artmag.com\/en\/wp-json\/wp\/v2\/pages"}],"about":[{"href":"https:\/\/great-artmag.com\/en\/wp-json\/wp\/v2\/types\/page"}],"author":[{"embeddable":true,"href":"https:\/\/great-artmag.com\/en\/wp-json\/wp\/v2\/users\/1"}],"replies":[{"embeddable":true,"href":"https:\/\/great-artmag.com\/en\/wp-json\/wp\/v2\/comments?post=6106"}],"version-history":[{"count":0,"href":"https:\/\/great-artmag.com\/en\/wp-json\/wp\/v2\/pages\/6106\/revisions"}],"wp:attachment":[{"href":"https:\/\/great-artmag.com\/en\/wp-json\/wp\/v2\/media?parent=6106"}],"curies":[{"name":"wp","href":"https:\/\/api.w.org\/{rel}","templated":true}]}}